{"id":50,"date":"2017-07-27T23:36:44","date_gmt":"2017-07-27T21:36:44","guid":{"rendered":"http:\/\/qqasolut.com\/swt\/?page_id=50"},"modified":"2019-05-21T06:41:42","modified_gmt":"2019-05-21T04:41:42","slug":"weitere-funktionen","status":"publish","type":"page","link":"http:\/\/qqasolut.com\/swt\/weitere-funktionen\/","title":{"rendered":"Weitere Funktionen"},"content":{"rendered":"<table>\n<tbody>\n<tr>\n<td width=\"280\">\n<!--easy slider-->\n<div style='max-width: 240px; max-height:427px;' class='eps eps-slide eps-139 eps-slider'>\n    <style type='text\/css' scoped>                    .eps-custom-139{\n                    background: url() false repeat 0% 0%;\n                    border-top: 8px solid #efc34a\n                    border-bottom: 8px solid #efc34a;\n                    height:427px;\n                    box-shadow:none\n                    }\n                  .eps-custom-139 .da-dots{\n                    display:none;\n                    }\n                    .eps-custom-139 .da-slide  h2{\n                       font-size:22px;\n                       font-family:Arial, Helvetica;\n                       color:false;\n                       \n                    }\n                    .eps-custom-139 .da-slide p{\n                     font-size:14px;\n                       font-family:Times New Roman;\n                       color:false;\n                       \n                       line-height:0px;\n                    }\n                    .eps-custom-139 .da-slide .da-link{\n                       font-size:16px;\n                       font-family:Arial Black, Gadget;\n                       color:false;\n                       border-color:false;\n                       background-color:false;\n                       \n                    }\n                    .eps-custom-139 .da-link:hover{\n                    background-color:fb333e;\n                    }\n                    .da-slide-current{\n\tz-index: 1000 !important;\n}\n\n    <\/style>\n    <div id='da-slider-eps_139' class='da-slider eps-custom-139'>\n        \n <div class='da-slide'> <div  id='da-slide-heading-140' class='da-slide-heading-content'><\/div><div id='da-img-140' class='da-img' style=' background: url(http:\/\/qqasolut.com\/swt\/wp-content\/uploads\/2017\/07\/swt_WeitereFunktionen_slide01-240x427.png);' title=''  data-in_effect='1' data-out_effect='1'>&nbsp;<\/div><\/div><style type='text\/css'>\n     .eps-custom-139 #da-img-140{\n         height:px; \n         width:px; \n         left:%; \n         top:%; \n        }\n        .eps-custom-139 #da-slide-heading-140 h2{\n        font-size:px;\n        font-family:Georgia, serif;\n        \n        \n        }\n         .eps-custom-139 #da-slide-heading-140 div.da-slide-content{\n          margin-top:0px; \n        \n        font-family:Georgia, serif;\n        \n        \n        \n        }\n         .eps-custom-139 #da-link-140{\n        \n        font-family:Georgia, serif;\n        \n        \n        \n        \n        }\n                    .eps-custom-139 .da-slide-fromright #da-slide-heading-140 h2 {\n                        -webkit-animation: fromRightAnim1 0.6s ease-in 0.8s both;\n                        -moz-animation: fromRightAnim1 0.6s ease-in 0.8s both;\n                        -o-animation: fromRightAnim1 0.6s ease-in 0.8s both;\n                        -ms-animation: fromRightAnim1 0.6s ease-in 0.8s both;\n                        animation: fromRightAnim1 0.6s ease-in 0.8s both;\n                    }                    .eps-custom-139 .da-slide-fromleft #da-slide-heading-140 h2 {\n                        -webkit-animation: fromLeftAnim1 0.6s ease-in 0.6s both;\n                        -moz-animation: fromLeftAnim1 0.6s ease-in 0.6s both;\n                        -o-animation: fromLeftAnim1 0.6s ease-in 0.6s both;\n                        -ms-animation: fromLeftAnim1 0.6s ease-in 0.6s both;\n                        animation: fromLeftAnim1 0.6s ease-in 0.6s both;\n                    }                    .eps-custom-139 .da-slide-toright #da-slide-heading-140 h2 {\n                        -webkit-animation: toRightAnim1 0.6s ease-in 0.6s both;\n                        -moz-animation: toRightAnim1 0.6s ease-in 0.6s both;\n                        -o-animation: toRightAnim1 0.6s ease-in 0.6s both;\n                        -ms-animation: toRightAnim1 0.6s ease-in 0.6s both;\n                        animation: toRightAnim1 0.6s ease-in 0.6s both;\n                    }                    .eps-custom-139 .da-slide-toleft #da-slide-heading-140 h2 {\n                        -webkit-animation: toLeftAnim1 0.6s ease-in both;\n                        -moz-animation: toLeftAnim1 0.6s ease-in both;\n                        -o-animation: toLeftAnim1 0.6s ease-in both;\n                        -ms-animation: toLeftAnim1 0.6s ease-in both;\n                        animation: toLeftAnim1 0.6s ease-in both;\n                    }                    .eps-custom-139 .da-slide-fromright #da-slide-heading-140 .da-slide-content {\n                        -webkit-animation: fromRightAnim2 0.6s ease-in 0.8s both;\n                        -moz-animation: fromRightAnim2 0.6s ease-in 0.8s both;\n                        -o-animation: fromRightAnim2 0.6s ease-in 0.8s both;\n                        -ms-animation: fromRightAnim2 0.6s ease-in 0.8s both;\n                        animation: fromRightAnim2 0.6s ease-in 0.8s both;\n                    }                    .eps-custom-139 .da-slide-fromleft #da-slide-heading-140 .da-slide-content {\n                        -webkit-animation: fromLeftAnim2 0.6s ease-in 0.6s both;\n                        -moz-animation: fromLeftAnim2 0.6s ease-in 0.6s both;\n                        -o-animation: fromLeftAnim2 0.6s ease-in 0.6s both;\n                        -ms-animation: fromLeftAnim2 0.6s ease-in 0.6s both;\n                        animation: fromLeftAnim2 0.6s ease-in 0.6s both;\n                    }                    .eps-custom-139 .da-slide-toright #da-slide-heading-140 .da-slide-content {\n                        -webkit-animation: toRightAnim2 0.6s ease-in 0.3s both;\n                        -moz-animation: toRightAnim2 0.6s ease-in 0.3s both;\n                        -o-animation: toRightAnim2 0.6s ease-in 0.3s both;\n                        -ms-animation: toRightAnim2 0.6s ease-in 0.3s both;\n                        animation: toRightAnim2 0.6s ease-in 0.3s both;\n                    }                    .eps-custom-139 .da-slide-toleft #da-slide-heading-140 .da-slide-content {\n                        -webkit-animation: toLeftAnim2 0.6s ease-in 0.3s both;\n                        -moz-animation: toLeftAnim2 0.6s ease-in 0.3s both;\n                        -o-animation: toLeftAnim2 0.6s ease-in 0.3s both;\n                        -ms-animation: toLeftAnim2 0.6s ease-in 0.3s both;\n                        animation: toLeftAnim2 0.6s ease-in 0.3s both;\n                    }                    .eps-custom-139 .da-slide-fromright #da-link-140 {\n                        -webkit-animation: fromRightAnim3 0.4s ease-in 1.2s both;\n                        -moz-animation: fromRightAnim3 0.4s ease-in 1.2s both;\n                        -o-animation: fromRightAnim3 0.4s ease-in 1.2s both;\n                        -ms-animation: fromRightAnim3 0.4s ease-in 1.2s both;\n                        animation: fromRightAnim3 0.4s ease-in 1.2s both;\n                    }                    .eps-custom-139 .da-slide-fromleft #da-link-140 {\n                        -webkit-animation: fromLeftAnim3 0.4s ease-in 1.2s both;\n                        -moz-animation: fromLeftAnim3 0.4s ease-in 1.2s both;\n                        -o-animation: fromLeftAnim3 0.4s ease-in 1.2s both;\n                        -ms-animation: fromLeftAnim3 0.4s ease-in 1.2s both;\n                        animation: fromLeftAnim3 0.4s ease-in 1.2s both;\n                    }                    .eps-custom-139 .da-slide-toright #da-link-140 {\n                        -webkit-animation: toRightAnim3 0.4s ease-in both;\n                        -moz-animation: toRightAnim3 0.4s ease-in both;\n                        -o-animation: toRightAnim3 0.4s ease-in both;\n                        -ms-animation: toRightAnim3 0.4s ease-in both;\n                        animation: toRightAnim3 0.4s ease-in both;\n                    }                    .eps-custom-139 .da-slide-toleft #da-link-140 {\n                        -webkit-animation: toLeftAnim3 0.4s ease-in both;\n                        -moz-animation: toLeftAnim3 0.4s ease-in both;\n                        -o-animation: toLeftAnim3 0.4s ease-in both;\n                        -ms-animation: toLeftAnim3 0.4s ease-in both;\n                        animation: toLeftAnim3 0.4s ease-in both;\n                    }                    .eps-custom-139 .da-slide-fromright #da-img-140 {\n                        -webkit-animation: fromRightAnim139140 0.6s ease-in 0.8s both;\n                        -moz-animation: fromRightAnim139140 0.6s ease-in 0.8s both;\n                        -o-animation: fromRightAnim139140 0.6s ease-in 0.8s both;\n                        -ms-animation: fromRightAnim139140 0.6s ease-in 0.8s both;\n                        animation: fromRightAnim139140 0.6s ease-in 0.8s both;\n                    }                    .eps-custom-139 .da-slide-fromleft #da-img-140 {\n                        -webkit-animation: fromLeftAnim139140 0.6s ease-in 0.6s both;\n                        -moz-animation: fromLeftAnim139140 0.6s ease-in 0.6s both;\n                        -o-animation: fromLeftAnim139140 0.6s ease-in 0.6s both;\n                        -ms-animation: fromLeftAnim139140 0.6s ease-in 0.6s both;\n                        animation: fromLeftAnim139140 0.6s ease-in 0.6s both;\n                    }                    .eps-custom-139 .da-slide-toright #da-img-140 {\n                        -webkit-animation: toRightAnim139140 0.6s ease-in both;\n                        -moz-animation: toRightAnim139140 0.6s ease-in both;\n                        -o-animation: toRightAnim139140 0.6s ease-in both;\n                        -ms-animation: toRightAnim139140 0.6s ease-in both;\n                        animation: toRightAnim139140 0.6s ease-in both;\n                    }                    .eps-custom-139 .da-slide-toleft #da-img-140 {\n                        -webkit-animation: toLeftAnim139140 0.6s ease-in 0.6s both;\n                        -moz-animation: toLeftAnim139140 0.6s ease-in 0.6s both;\n                        -o-animation: toLeftAnim139140 0.6s ease-in 0.6s both;\n                        -ms-animation: toLeftAnim139140 0.6s ease-in 0.6s both;\n                        animation: toLeftAnim139140 0.6s ease-in 0.6s both;\n                    }\n            @-webkit-keyframes fromRightAnim139140{\n                0%{ left: 110%; opacity: 0; }\n                100%{ left: %; opacity: 1; }\n            }\n            @-moz-keyframes fromRightAnim139140{\n                0%{ left: 110%; opacity: 0; }\n                100%{ left: %; opacity: 1; }\n            }\n            @-o-keyframes fromRightAnim139140{\n                0%{ left: 110%; opacity: 0; }\n                100%{ left: %; opacity: 1; }\n            }\n            @-ms-keyframes fromRightAnim139140{\n                0%{ left: 110%; opacity: 0; }\n                100%{ left: %; opacity: 1; }\n            }\n            @keyframes fromRightAnim139140{\n                0%{ left: 110%; opacity: 0; }\n                100%{ left: %; opacity: 1; }\n            }\n            @-webkit-keyframes fromLeftAnim139140{\n                0%{ left: -110%; opacity: 0; }\n                100%{ left: %; opacity: 1; }\n            }\n            @-moz-keyframes fromLeftAnim139140{\n                0%{ left: -110%; opacity: 0; }\n                100%{ left: %; opacity: 1; }\n            }\n            @-o-keyframes fromLeftAnim139140{\n                0%{ left: -110%; opacity: 0; }\n                100%{ left: %; opacity: 1; }\n            }\n            @-ms-keyframes fromLeftAnim139140{\n                0%{ left: -110%; opacity: 0; }\n                100%{ left: %; opacity: 1; }\n            }\n            @keyframes fromLeftAnim139140{\n                0%{ left: -110%; opacity: 0; }\n                100%{ left: %; opacity: 1; }\n            }\n                @-webkit-keyframes toRightAnim139140{\n\t\t\t\t\t0%{ left: %;  opacity: 1; }\n\t\t\t\t\t30%{ left: -5%;  opacity: 1; }\n\t\t\t\t\t100%{ left: 100%; opacity: 0; }\n\t\t\t\t}\n\t\t\t\t@-moz-keyframes toRightAnim139140{\n\t\t\t\t\t0%{ left: %;  opacity: 1; }\n\t\t\t\t\t30%{ left: -5%;  opacity: 1; }\n\t\t\t\t\t100%{ left: 100%; opacity: 0; }\n\t\t\t\t}\n\t\t\t\t@-o-keyframes toRightAnim139140{\n\t\t\t\t\t0%{ left: %;  opacity: 1; }\n\t\t\t\t\t30%{ left: -5%;  opacity: 1; }\n\t\t\t\t\t100%{ left: 100%; opacity: 0; }\n\t\t\t\t}\n\t\t\t\t@-ms-keyframes toRightAnim139140{\n\t\t\t\t\t0%{ left: %;  opacity: 1; }\n\t\t\t\t\t30%{ left: -5%;  opacity: 1; }\n\t\t\t\t\t100%{ left: 100%; opacity: 0; }\n\t\t\t\t}\n\t\t\t\t@keyframes toRightAnim139140{\n\t\t\t\t\t0%{ left: %;  opacity: 1; }\n\t\t\t\t\t30%{ left: -5%;  opacity: 1; }\n\t\t\t\t\t100%{ left: 100%; opacity: 0; }\n\t\t\t\t}\n\t\t\t\t@-webkit-keyframes toLeftAnim139140{\n\t\t\t\t\t0%{ left: %;  opacity: 1; }\n\t\t\t\t\t40%{ left: 10%;  opacity: 1; }\n\t\t\t\t\t90%{ left: 0%;  opacity: 0; }\n\t\t\t\t\t100%{ left: -50%; opacity: 0; }\n\t\t\t\t}\n\t\t\t\t@-moz-keyframes toLeftAnim139140{\n\t\t\t\t\t0%{ left: %;  opacity: 1; }\n\t\t\t\t\t40%{ left: 10%;  opacity: 1; }\n\t\t\t\t\t90%{ left: 0%;  opacity: 0; }\n\t\t\t\t\t100%{ left: -50%; opacity: 0; }\n\t\t\t\t}\n\t\t\t\t@-o-keyframes toLeftAnim139140{\n\t\t\t\t\t0%{ left: %;  opacity: 1; }\n\t\t\t\t\t40%{ left: 10%;  opacity: 1; }\n\t\t\t\t\t90%{ left: 0%;  opacity: 0; }\n\t\t\t\t\t100%{ left: -50%; opacity: 0; }\n\t\t\t\t}\n\t\t\t\t@-ms-keyframes toLeftAnim139140{\n\t\t\t\t\t0%{ left: %;  opacity: 1; }\n\t\t\t\t\t40%{ left: 10%;  opacity: 1; }\n\t\t\t\t\t90%{ left: 0%;  opacity: 0; }\n\t\t\t\t\t100%{ left: -50%; opacity: 0; }\n\t\t\t\t}\n\t\t\t\t@keyframes toLeftAnim139140{\n\t\t\t\t\t0%{ left: %;  opacity: 1; }\n\t\t\t\t\t40%{ left: 10%;  opacity: 1; }\n\t\t\t\t\t90%{ left: 0%;  opacity: 0; }\n\t\t\t\t\t100%{ left: -50%; opacity: 0; }\n\t\t\t\t}\t\t\t\t#da-slider-eps_139 .da-dots span {\n\t\t\t\t    background: none repeat scroll 0 0 false;\n\t\t\t\t}\n\n\t\t\t\t#da-slider-eps_139 .da-arrows span {\n\t\t\t\t    background: none repeat scroll 0 0 false;\n\t\t\t\t}\n\n    <\/style>\n\n  <\/div>\n    <script type='text\/javascript'>\n        var da_slider_eps_139 = function($) {\n            jQuery('#da-slider-eps_139').cslider({ autoplay:true,interval:5000\n            });\n        };\n        var timer_eps_139 = function() {\n            var slider = !window.jQuery ? window.setTimeout(timer_eps_139, 100) : !jQuery.isReady ? window.setTimeout(timer_eps_139, 100) : da_slider_eps_139(window.jQuery);\n        };\n        timer_eps_139();\n    <\/script>\n<\/div>\n<!--\/\/easy slider--><\/td>\n<td>\n<ul>\n<li>&#8230; enth\u00e4lt alle Hauptfunktionen um das Tagebuch mit einem mobilen Ger\u00e4t zu f\u00fchren.<\/li>\n<li>&#8230; benachrichtigt am Wiegetag.<\/li>\n<li>&#8230; l\u00e4uft eigenst\u00e4ndig auf dem mobilen Ger\u00e4t und braucht keine Internetverbindung.<\/li>\n<li>Es k\u00f6nnen Wochenpunkte eingegeben werden, die w\u00f6chentlich extra verwendet werden k\u00f6nnen.<\/li>\n<li>Mit der Funktion Punkte sparen werden nicht verwendete Punkte eines Tages an den Folgetagen einer Woche verwendet.<\/li>\n<li>Die eingegebenen Daten bleiben auf dem mobilen Ger\u00e4t. Die pers\u00f6nlichen Daten sind nicht online verf\u00fcgbar.<\/li>\n<li>Die App muss nur einmal bezahlt werden, monatliche Geb\u00fchren fallen nicht an.<\/li>\n<li>Es gibt keine Werbung.<\/li>\n<li>Es gibt keine in App K\u00e4ufe.<\/li>\n<\/ul>\n<\/td>\n<\/tr>\n<\/tbody>\n<\/table>\n","protected":false},"excerpt":{"rendered":"<p>&#8230; enth\u00e4lt alle Hauptfunktionen um das Tagebuch mit einem mobilen Ger\u00e4t zu f\u00fchren. &#8230; benachrichtigt am Wiegetag. &#8230; l\u00e4uft eigenst\u00e4ndig auf dem mobilen Ger\u00e4t und braucht keine Internetverbindung. Es k\u00f6nnen Wochenpunkte eingegeben werden, die w\u00f6chentlich extra verwendet werden k\u00f6nnen. Mit der Funktion Punkte sparen werden nicht verwendete Punkte eines Tages an den Folgetagen einer Woche [&hellip;]<\/p>\n","protected":false},"author":1,"featured_media":0,"parent":0,"menu_order":0,"comment_status":"closed","ping_status":"closed","template":"","meta":{"_de_post_content":"<table>\n<tbody>\n<tr>\n<td width=\"280\">[epsshortcode id=139]<\/td>\n<td>\n<ul>\n \t<li>... enth\u00e4lt alle Hauptfunktionen um das Tagebuch mit einem mobilen Ger\u00e4t zu f\u00fchren.<\/li>\n \t<li>... benachrichtigt am Wiegetag.<\/li>\n \t<li>... l\u00e4uft eigenst\u00e4ndig auf dem mobilen Ger\u00e4t und braucht keine Internetverbindung.<\/li>\n \t<li>Es k\u00f6nnen Wochenpunkte eingegeben werden, die w\u00f6chentlich extra verwendet werden k\u00f6nnen.<\/li>\n \t<li>Mit der Funktion Punkte sparen werden nicht verwendete Punkte eines Tages an den Folgetagen einer Woche verwendet.<\/li>\n \t<li>Die eingegebenen Daten bleiben auf dem mobilen Ger\u00e4t. Die pers\u00f6nlichen Daten sind nicht online verf\u00fcgbar.<\/li>\n \t<li>Die App muss nur einmal bezahlt werden, monatliche Geb\u00fchren fallen nicht an.<\/li>\n \t<li>Es gibt keine Werbung.<\/li>\n \t<li>Es gibt keine in App K\u00e4ufe.<\/li>\n<\/ul>\n<\/td>\n<\/tr>\n<\/tbody>\n<\/table>","_de_post_name":"weitere-funktionen","_de_post_excerpt":"","_de_post_title":"Weitere Funktionen","_en_post_content":"<table>\n<tbody>\n<tr>\n<td width=\"280\">[epsshortcode id=201]<\/td>\n<td>\n<ul>\n \t<li>... contains all the main functions to keep the diary with a mobile device.<\/li>\n \t<li>... shows a notification at the weight day.<\/li>\n \t<li>... runs independently on the mobile device and does not need an Internet connection.<\/li>\n \t<li>Extra points can be entered, which can be used on a weekly basis.<\/li>\n \t<li>The Save points function uses unused points one day on the following days of a week.<\/li>\n \t<li>The data entered remains on the mobile device. The personal data are not available online.<\/li>\n \t<li>The app has only to be paid once, monthly fees are not charged.<\/li>\n \t<li>There is no advertising.<\/li>\n \t<li>There are no in app purchases.<\/li>\n<\/ul>\n<\/td>\n<\/tr>\n<\/tbody>\n<\/table>","_en_post_name":"additional-functions","_en_post_excerpt":"","_en_post_title":"Additional Functions","_fr_post_content":"<table>\n<tbody>\n<tr>\n<td width=\"280\">[epsshortcode id=218]<\/td>\n<td>\n<ul>\n \t<li>... contient toutes les fonctions principales pour garder le journal avec un appareil mobile.<\/li>\n \t<li>... notifi\u00e9 le jour de la semaine.<\/li>\n \t<li>... s'ex\u00e9cute ind\u00e9pendamment sur l'appareil mobile et n'a pas besoin d'une connexion Internet.<\/li>\n \t<li>Des points suppl\u00e9mentaires peuvent \u00eatre entr\u00e9s, qui peuvent \u00eatre utilis\u00e9s sur une base hebdomadaire.<\/li>\n \t<li>La fonction Enregistrer les points utilise les points inutilis\u00e9s un jour les jours suivants de la semaine.<\/li>\n \t<li>Les donn\u00e9es saisies restent sur l'appareil mobile. Les donn\u00e9es personnelles ne sont pas disponibles en ligne.<\/li>\n \t<li>L'application doit seulement \u00eatre pay\u00e9e une fois, les frais mensuels ne sont pas factur\u00e9s.<\/li>\n \t<li>Il n'y a pas de publicit\u00e9.<\/li>\n \t<li>Il n'y a pas d'achat d'application.<\/li>\n<\/ul>\n<\/td>\n<\/tr>\n<\/tbody>\n<\/table>","_fr_post_name":"weitere-funktionen","_fr_post_excerpt":"","_fr_post_title":"autres fonctions","edit_language":"de"},"_links":{"self":[{"href":"http:\/\/qqasolut.com\/swt\/wp-json\/wp\/v2\/pages\/50"}],"collection":[{"href":"http:\/\/qqasolut.com\/swt\/wp-json\/wp\/v2\/pages"}],"about":[{"href":"http:\/\/qqasolut.com\/swt\/wp-json\/wp\/v2\/types\/page"}],"author":[{"embeddable":true,"href":"http:\/\/qqasolut.com\/swt\/wp-json\/wp\/v2\/users\/1"}],"replies":[{"embeddable":true,"href":"http:\/\/qqasolut.com\/swt\/wp-json\/wp\/v2\/comments?post=50"}],"version-history":[{"count":7,"href":"http:\/\/qqasolut.com\/swt\/wp-json\/wp\/v2\/pages\/50\/revisions"}],"predecessor-version":[{"id":237,"href":"http:\/\/qqasolut.com\/swt\/wp-json\/wp\/v2\/pages\/50\/revisions\/237"}],"wp:attachment":[{"href":"http:\/\/qqasolut.com\/swt\/wp-json\/wp\/v2\/media?parent=50"}],"curies":[{"name":"wp","href":"https:\/\/api.w.org\/{rel}","templated":true}]}}