{"id":42,"date":"2017-07-27T23:36:44","date_gmt":"2017-07-27T21:36:44","guid":{"rendered":"http:\/\/qqasolut.com\/swt\/?page_id=42"},"modified":"2017-12-19T23:07:11","modified_gmt":"2017-12-19T22:07:11","slug":"smart-watchers-journal","status":"publish","type":"page","link":"http:\/\/qqasolut.com\/swt\/fr\/","title":{"rendered":"<h2>Smart Watchers Journal<\/h2>","raw":"<h2>Smart Watchers Journal<\/h2>"},"content":{"rendered":"<h5>&#8230; est l&#8217;application pour perdre du poids.<\/h5>\n<p>Comprend l&#8217;agenda, la liste des aliments, la liste des activit\u00e9s, le tableau de poids et un calculateur de pointage. Les points autoris\u00e9s quotidiens sont calcul\u00e9s en fonction des donn\u00e9es de l&#8217;utilisateur. Smart Watchers Journal fonctionne sans connexion Internet, toutes les donn\u00e9es sont stock\u00e9es directement sur l&#8217;appareil et donc prot\u00e9g\u00e9es. Fournit un support g\u00e9rable pour la r\u00e9duction de poids. La nourriture et les activit\u00e9s doivent \u00eatre donn\u00e9es une seule fois, elles sont automatiquement stock\u00e9es dans une liste \u00e0 partir de laquelle elles peuvent \u00eatre r\u00e9utilis\u00e9es. L&#8217;application n&#8217;utilise pas beaucoup de fonctions qui ne sont pas utilis\u00e9es \u00e0 la fin et se concentre sur ce dont vous avez vraiment besoin.<\/p>\n<p>Les fonctions principales sont d\u00e9crites dans le menu sous journal, nourriture, activit\u00e9s, table de poidset calculateur de points.<\/p>\n<h5>Smart Watchers Journal<\/h5>\n<p>Est disponible dans le Google Play Store et l&#8217;App Store d&#8217;Apple:<\/p>\n<p><a href=\"https:\/\/play.google.com\/store\/apps\/details?id=com.qqasolut.swt\"><img decoding=\"async\" loading=\"lazy\" class=\"wp-image size-full alignleft\" src=\"http:\/\/qqasolut.com\/swt\/wp-content\/uploads\/2017\/07\/play_store_logo.png\" alt=\"Smart Watchers Tagebuch\" width=\"96\" height=\"96\" \/><\/a><a href=\"https:\/\/itunes.apple.com\/fr\/app\/smart-watchers-diary\/id1132834951?l=fr&#038;mt=8\"><img decoding=\"async\" loading=\"lazy\" class=\"alignleft wp-image+300 size-full\" src=\"http:\/\/qqasolut.com\/swt\/wp-content\/uploads\/2017\/07\/apple_store.png\" alt=\"Smart Watchers Tagebuch\" width=\"96\" height=\"96\" \/><\/a><\/p>\n","protected":false,"raw":"<h5>... est l'application pour perdre du poids.<\/h5>\r\nComprend l'agenda, la liste des aliments, la liste des activit\u00e9s, le tableau de poids et un calculateur de pointage. Les points autoris\u00e9s quotidiens sont calcul\u00e9s en fonction des donn\u00e9es de l'utilisateur. Smart Watchers Journal fonctionne sans connexion Internet, toutes les donn\u00e9es sont stock\u00e9es directement sur l'appareil et donc prot\u00e9g\u00e9es. Fournit un support g\u00e9rable pour la r\u00e9duction de poids. La nourriture et les activit\u00e9s doivent \u00eatre donn\u00e9es une seule fois, elles sont automatiquement stock\u00e9es dans une liste \u00e0 partir de laquelle elles peuvent \u00eatre r\u00e9utilis\u00e9es. L'application n'utilise pas beaucoup de fonctions qui ne sont pas utilis\u00e9es \u00e0 la fin et se concentre sur ce dont vous avez vraiment besoin.\r\n\r\nLes fonctions principales sont d\u00e9crites dans le menu sous journal, nourriture, activit\u00e9s, table de poidset calculateur de points.\r\n<h5>Smart Watchers Journal<\/h5>\r\nEst disponible dans le Google Play Store et l'App Store d'Apple:\r\n\r\n<a href=\"https:\/\/play.google.com\/store\/apps\/details?id=com.qqasolut.swt\"><img class=\"wp-image size-full alignleft\" src=\"http:\/\/qqasolut.com\/swt\/wp-content\/uploads\/2017\/07\/play_store_logo.png\" alt=\"Smart Watchers Tagebuch\" width=\"96\" height=\"96\" \/><\/a><a href=\"https:\/\/itunes.apple.com\/fr\/app\/smart-watchers-diary\/id1132834951?l=fr&mt=8\"><img class=\"alignleft wp-image+300 size-full\" src=\"http:\/\/qqasolut.com\/swt\/wp-content\/uploads\/2017\/07\/apple_store.png\" alt=\"Smart Watchers Tagebuch\" width=\"96\" height=\"96\" \/><\/a>"},"excerpt":{"rendered":"","protected":false,"raw":""},"author":1,"featured_media":0,"parent":0,"menu_order":0,"comment_status":"closed","ping_status":"closed","template":"","meta":{"_de_post_content":"<h5>... ist die App zum Abnehmen.<\/h5>\r\nEnth\u00e4lt Tagebuch, Lebensmittelliste, Aktivit\u00e4tenliste, Gewichtstabelle und einen smarten Punkte Rechner. Die t\u00e4glich erlaubten Punkte werden anhand der Benutzerdaten berechnet. Smart Watchers Tagebuch funktioniert ohne Internetverbindung, alle Daten werden direkt auf dem Ger\u00e4t gespeichert und daher gesch\u00fctzt. Bietet \u00fcberschaubar das Wesentliche an Unterst\u00fctzung zur Gewichtsreduzierung. Die Lebensmittel sowie die Aktivit\u00e4ten m\u00fcssen nur einmal eigegeben werden, sie werden automatisch in einer Liste gespeichert aus der sie wiederverwendet werden k\u00f6nnen. Die App verzichtet auf viele, am Ende nicht gebrauchte Funktionen und konzentriert sich auf das, was man wirklich braucht.\r\n\r\nIm Men\u00fc unter Tagebuch, Lebensmittel, Aktivit\u00e4ten, Gewichtstabelle und Punkte Rechner sind die Hauptfunktionen genauer beschrieben.\r\n<h5>Smart Watchers Tagebuch<\/h5>\r\nist im Google Play Store und im Apple App Store verf\u00fcgbar:\r\n\r\n<a href=\"https:\/\/play.google.com\/store\/apps\/details?id=com.qqasolut.swt\"><img class=\"wp-image size-full alignleft\" src=\"http:\/\/qqasolut.com\/swt\/wp-content\/uploads\/2017\/07\/play_store_logo.png\" alt=\"Smart Watchers Tagebuch\" width=\"96\" height=\"96\" \/><\/a><a href=\"https:\/\/itunes.apple.com\/de\/app\/smart-watchers-diary\/id1132834951?l=de&mt=8\"><img class=\"alignleft wp-image+300 size-full\" src=\"http:\/\/qqasolut.com\/swt\/wp-content\/uploads\/2017\/07\/apple_store.png\" alt=\"Smart Watchers Tagebuch\" width=\"96\" height=\"96\" \/><\/a>","_de_post_name":"startseite","_de_post_excerpt":"","_de_post_title":"<h2>Smart Watchers Tagebuch<\/h2>","_en_post_content":"<h5>... is the app for losing weight.<\/h5>\r\nIncludes diary, food list, activity list weight table and a smart points calculator. The daily allowed points are calculated on the basis of the user data. Smart Watchers Diary works without Internet connection, all data is stored directly on the device and therefore protected. Provides manageable support for weight reduction. The food and the activities have to be given only once, they are automatically stored in a list from which they can be reused. The app renounces many functions that are not used at the end and focuses on what you really need.\r\n\r\nIn the menu under Diary, Food, Activities, Weight Table and Points Calculator, the skin functions are described in more detail.\r\n<h5>Smart Watchers Diary<\/h5>\r\nIs available on the Google Play Store and the Apple App Store:\r\n\r\n<a href=\"https:\/\/play.google.com\/store\/apps\/details?id=com.qqasolut.swt\"><img class=\"wp-image size-full alignleft\" src=\"http:\/\/qqasolut.com\/swt\/wp-content\/uploads\/2017\/07\/play_store_logo.png\" alt=\"Smart Watchers Tagebuch\" width=\"96\" height=\"96\" \/><\/a><a href=\"https:\/\/appsto.re\/de\/hcBHdb.i\"><img class=\"alignleft wp-image+300 size-full\" src=\"http:\/\/qqasolut.com\/swt\/wp-content\/uploads\/2017\/07\/apple_store.png\" alt=\"Smart Watchers Tagebuch\" width=\"96\" height=\"96\" \/><\/a>","_en_post_name":"startseite","_en_post_excerpt":"","_en_post_title":"<h2>Smart Watchers Diary<\/h2>","_fr_post_content":"<h5>... est l'application pour perdre du poids.<\/h5>\r\nComprend l'agenda, la liste des aliments, la liste des activit\u00e9s, le tableau de poids et un calculateur de pointage. Les points autoris\u00e9s quotidiens sont calcul\u00e9s en fonction des donn\u00e9es de l'utilisateur. Smart Watchers Journal fonctionne sans connexion Internet, toutes les donn\u00e9es sont stock\u00e9es directement sur l'appareil et donc prot\u00e9g\u00e9es. Fournit un support g\u00e9rable pour la r\u00e9duction de poids. La nourriture et les activit\u00e9s doivent \u00eatre donn\u00e9es une seule fois, elles sont automatiquement stock\u00e9es dans une liste \u00e0 partir de laquelle elles peuvent \u00eatre r\u00e9utilis\u00e9es. L'application n'utilise pas beaucoup de fonctions qui ne sont pas utilis\u00e9es \u00e0 la fin et se concentre sur ce dont vous avez vraiment besoin.\r\n\r\nLes fonctions principales sont d\u00e9crites dans le menu sous journal, nourriture, activit\u00e9s, table de poidset calculateur de points.\r\n<h5>Smart Watchers Journal<\/h5>\r\nEst disponible dans le Google Play Store et l'App Store d'Apple:\r\n\r\n<a href=\"https:\/\/play.google.com\/store\/apps\/details?id=com.qqasolut.swt\"><img class=\"wp-image size-full alignleft\" src=\"http:\/\/qqasolut.com\/swt\/wp-content\/uploads\/2017\/07\/play_store_logo.png\" alt=\"Smart Watchers Tagebuch\" width=\"96\" height=\"96\" \/><\/a><a href=\"https:\/\/itunes.apple.com\/fr\/app\/smart-watchers-diary\/id1132834951?l=fr&mt=8\"><img class=\"alignleft wp-image+300 size-full\" src=\"http:\/\/qqasolut.com\/swt\/wp-content\/uploads\/2017\/07\/apple_store.png\" alt=\"Smart Watchers Tagebuch\" width=\"96\" height=\"96\" \/><\/a>","_fr_post_name":"smart-watchers-journal","_fr_post_excerpt":"","_fr_post_title":"<h2>Smart Watchers Journal<\/h2>","edit_language":"fr"},"_links":{"self":[{"href":"http:\/\/qqasolut.com\/swt\/fr\/wp-json\/wp\/v2\/pages\/42"}],"collection":[{"href":"http:\/\/qqasolut.com\/swt\/fr\/wp-json\/wp\/v2\/pages"}],"about":[{"href":"http:\/\/qqasolut.com\/swt\/fr\/wp-json\/wp\/v2\/types\/page"}],"author":[{"embeddable":true,"href":"http:\/\/qqasolut.com\/swt\/fr\/wp-json\/wp\/v2\/users\/1"}],"replies":[{"embeddable":true,"href":"http:\/\/qqasolut.com\/swt\/fr\/wp-json\/wp\/v2\/comments?post=42"}],"version-history":[{"count":8,"href":"http:\/\/qqasolut.com\/swt\/fr\/wp-json\/wp\/v2\/pages\/42\/revisions"}],"predecessor-version":[{"id":227,"href":"http:\/\/qqasolut.com\/swt\/fr\/wp-json\/wp\/v2\/pages\/42\/revisions\/227"}],"wp:attachment":[{"href":"http:\/\/qqasolut.com\/swt\/fr\/wp-json\/wp\/v2\/media?parent=42"}],"curies":[{"name":"wp","href":"https:\/\/api.w.org\/{rel}","templated":true}]}}