{"id":154,"date":"2017-07-28T21:17:45","date_gmt":"2017-07-28T19:17:45","guid":{"rendered":"http:\/\/qqasolut.com\/swt\/?page_id=154"},"modified":"2017-09-16T00:55:35","modified_gmt":"2017-09-15T22:55:35","slug":"aktivitaeten","status":"publish","type":"page","link":"http:\/\/qqasolut.com\/swt\/fr\/aktivitaeten\/","title":{"rendered":"activit\u00e9s","raw":"activit\u00e9s"},"content":{"rendered":"<table>\n<tbody>\n<tr>\n<td width=\"280\">\n<!--easy slider-->\n<div style='max-width: 240px; max-height:427px;' class='eps eps-slide eps-216 eps-slider'>\n    <style type='text\/css' scoped>                    .eps-custom-216{\n                    background: url() false repeat 0% 0%;\n                    border-top: 8px solid #efc34a\n                    border-bottom: 8px solid #efc34a;\n                    height:427px;\n                    box-shadow:none\n                    }\n                  .eps-custom-216 .da-dots{\n                    display:none;\n                    }\n                    .eps-custom-216 .da-slide  h2{\n                       font-size:22px;\n                       font-family:Arial, Helvetica;\n                       color:false;\n                       \n                    }\n                    .eps-custom-216 .da-slide p{\n                     font-size:14px;\n                       font-family:Times New Roman;\n                       color:false;\n                       \n                       line-height:0px;\n                    }\n                    .eps-custom-216 .da-slide .da-link{\n                       font-size:16px;\n                       font-family:Arial Black, Gadget;\n                       color:false;\n                       border-color:false;\n                       background-color:false;\n                       \n                    }\n                    .eps-custom-216 .da-link:hover{\n                    background-color:fb333e;\n                    }\n                    .da-slide-current{\n\tz-index: 1000 !important;\n}\n\n    <\/style>\n    <div id='da-slider-eps_216' class='da-slider eps-custom-216'>\n        \n <div class='da-slide'> <div  id='da-slide-heading-217' class='da-slide-heading-content'><\/div><div id='da-img-217' class='da-img' style=' background: url(http:\/\/qqasolut.com\/swt\/wp-content\/uploads\/2017\/09\/Simulator-Screen-Shot-15.09.2017-21.51.20-240x427.png);' title=''  data-in_effect='1' data-out_effect='1'>&nbsp;<\/div><\/div><style type='text\/css'>\n     .eps-custom-216 #da-img-217{\n         height:px; \n         width:px; \n         left:%; \n         top:%; \n        }\n        .eps-custom-216 #da-slide-heading-217 h2{\n        font-size:px;\n        font-family:Georgia, serif;\n        \n        \n        }\n         .eps-custom-216 #da-slide-heading-217 div.da-slide-content{\n          margin-top:0px; \n        \n        font-family:Georgia, serif;\n        \n        \n        \n        }\n         .eps-custom-216 #da-link-217{\n        \n        font-family:Georgia, serif;\n        \n        \n        \n        \n        }\n                    .eps-custom-216 .da-slide-fromright #da-slide-heading-217 h2 {\n                        -webkit-animation: fromRightAnim1 0.6s ease-in 0.8s both;\n                        -moz-animation: fromRightAnim1 0.6s ease-in 0.8s both;\n                        -o-animation: fromRightAnim1 0.6s ease-in 0.8s both;\n                        -ms-animation: fromRightAnim1 0.6s ease-in 0.8s both;\n                        animation: fromRightAnim1 0.6s ease-in 0.8s both;\n                    }                    .eps-custom-216 .da-slide-fromleft #da-slide-heading-217 h2 {\n                        -webkit-animation: fromLeftAnim1 0.6s ease-in 0.6s both;\n                        -moz-animation: fromLeftAnim1 0.6s ease-in 0.6s both;\n                        -o-animation: fromLeftAnim1 0.6s ease-in 0.6s both;\n                        -ms-animation: fromLeftAnim1 0.6s ease-in 0.6s both;\n                        animation: fromLeftAnim1 0.6s ease-in 0.6s both;\n                    }                    .eps-custom-216 .da-slide-toright #da-slide-heading-217 h2 {\n                        -webkit-animation: toRightAnim1 0.6s ease-in 0.6s both;\n                        -moz-animation: toRightAnim1 0.6s ease-in 0.6s both;\n                        -o-animation: toRightAnim1 0.6s ease-in 0.6s both;\n                        -ms-animation: toRightAnim1 0.6s ease-in 0.6s both;\n                        animation: toRightAnim1 0.6s ease-in 0.6s both;\n                    }                    .eps-custom-216 .da-slide-toleft #da-slide-heading-217 h2 {\n                        -webkit-animation: toLeftAnim1 0.6s ease-in both;\n                        -moz-animation: toLeftAnim1 0.6s ease-in both;\n                        -o-animation: toLeftAnim1 0.6s ease-in both;\n                        -ms-animation: toLeftAnim1 0.6s ease-in both;\n                        animation: toLeftAnim1 0.6s ease-in both;\n                    }                    .eps-custom-216 .da-slide-fromright #da-slide-heading-217 .da-slide-content {\n                        -webkit-animation: fromRightAnim2 0.6s ease-in 0.8s both;\n                        -moz-animation: fromRightAnim2 0.6s ease-in 0.8s both;\n                        -o-animation: fromRightAnim2 0.6s ease-in 0.8s both;\n                        -ms-animation: fromRightAnim2 0.6s ease-in 0.8s both;\n                        animation: fromRightAnim2 0.6s ease-in 0.8s both;\n                    }                    .eps-custom-216 .da-slide-fromleft #da-slide-heading-217 .da-slide-content {\n                        -webkit-animation: fromLeftAnim2 0.6s ease-in 0.6s both;\n                        -moz-animation: fromLeftAnim2 0.6s ease-in 0.6s both;\n                        -o-animation: fromLeftAnim2 0.6s ease-in 0.6s both;\n                        -ms-animation: fromLeftAnim2 0.6s ease-in 0.6s both;\n                        animation: fromLeftAnim2 0.6s ease-in 0.6s both;\n                    }                    .eps-custom-216 .da-slide-toright #da-slide-heading-217 .da-slide-content {\n                        -webkit-animation: toRightAnim2 0.6s ease-in 0.3s both;\n                        -moz-animation: toRightAnim2 0.6s ease-in 0.3s both;\n                        -o-animation: toRightAnim2 0.6s ease-in 0.3s both;\n                        -ms-animation: toRightAnim2 0.6s ease-in 0.3s both;\n                        animation: toRightAnim2 0.6s ease-in 0.3s both;\n                    }                    .eps-custom-216 .da-slide-toleft #da-slide-heading-217 .da-slide-content {\n                        -webkit-animation: toLeftAnim2 0.6s ease-in 0.3s both;\n                        -moz-animation: toLeftAnim2 0.6s ease-in 0.3s both;\n                        -o-animation: toLeftAnim2 0.6s ease-in 0.3s both;\n                        -ms-animation: toLeftAnim2 0.6s ease-in 0.3s both;\n                        animation: toLeftAnim2 0.6s ease-in 0.3s both;\n                    }                    .eps-custom-216 .da-slide-fromright #da-link-217 {\n                        -webkit-animation: fromRightAnim3 0.4s ease-in 1.2s both;\n                        -moz-animation: fromRightAnim3 0.4s ease-in 1.2s both;\n                        -o-animation: fromRightAnim3 0.4s ease-in 1.2s both;\n                        -ms-animation: fromRightAnim3 0.4s ease-in 1.2s both;\n                        animation: fromRightAnim3 0.4s ease-in 1.2s both;\n                    }                    .eps-custom-216 .da-slide-fromleft #da-link-217 {\n                        -webkit-animation: fromLeftAnim3 0.4s ease-in 1.2s both;\n                        -moz-animation: fromLeftAnim3 0.4s ease-in 1.2s both;\n                        -o-animation: fromLeftAnim3 0.4s ease-in 1.2s both;\n                        -ms-animation: fromLeftAnim3 0.4s ease-in 1.2s both;\n                        animation: fromLeftAnim3 0.4s ease-in 1.2s both;\n                    }                    .eps-custom-216 .da-slide-toright #da-link-217 {\n                        -webkit-animation: toRightAnim3 0.4s ease-in both;\n                        -moz-animation: toRightAnim3 0.4s ease-in both;\n                        -o-animation: toRightAnim3 0.4s ease-in both;\n                        -ms-animation: toRightAnim3 0.4s ease-in both;\n                        animation: toRightAnim3 0.4s ease-in both;\n                    }                    .eps-custom-216 .da-slide-toleft #da-link-217 {\n                        -webkit-animation: toLeftAnim3 0.4s ease-in both;\n                        -moz-animation: toLeftAnim3 0.4s ease-in both;\n                        -o-animation: toLeftAnim3 0.4s ease-in both;\n                        -ms-animation: toLeftAnim3 0.4s ease-in both;\n                        animation: toLeftAnim3 0.4s ease-in both;\n                    }                    .eps-custom-216 .da-slide-fromright #da-img-217 {\n                        -webkit-animation: fromRightAnim216217 0.6s ease-in 0.8s both;\n                        -moz-animation: fromRightAnim216217 0.6s ease-in 0.8s both;\n                        -o-animation: fromRightAnim216217 0.6s ease-in 0.8s both;\n                        -ms-animation: fromRightAnim216217 0.6s ease-in 0.8s both;\n                        animation: fromRightAnim216217 0.6s ease-in 0.8s both;\n                    }                    .eps-custom-216 .da-slide-fromleft #da-img-217 {\n                        -webkit-animation: fromLeftAnim216217 0.6s ease-in 0.6s both;\n                        -moz-animation: fromLeftAnim216217 0.6s ease-in 0.6s both;\n                        -o-animation: fromLeftAnim216217 0.6s ease-in 0.6s both;\n                        -ms-animation: fromLeftAnim216217 0.6s ease-in 0.6s both;\n                        animation: fromLeftAnim216217 0.6s ease-in 0.6s both;\n                    }                    .eps-custom-216 .da-slide-toright #da-img-217 {\n                        -webkit-animation: toRightAnim216217 0.6s ease-in both;\n                        -moz-animation: toRightAnim216217 0.6s ease-in both;\n                        -o-animation: toRightAnim216217 0.6s ease-in both;\n                        -ms-animation: toRightAnim216217 0.6s ease-in both;\n                        animation: toRightAnim216217 0.6s ease-in both;\n                    }                    .eps-custom-216 .da-slide-toleft #da-img-217 {\n                        -webkit-animation: toLeftAnim216217 0.6s ease-in 0.6s both;\n                        -moz-animation: toLeftAnim216217 0.6s ease-in 0.6s both;\n                        -o-animation: toLeftAnim216217 0.6s ease-in 0.6s both;\n                        -ms-animation: toLeftAnim216217 0.6s ease-in 0.6s both;\n                        animation: toLeftAnim216217 0.6s ease-in 0.6s both;\n                    }\n            @-webkit-keyframes fromRightAnim216217{\n                0%{ left: 110%; opacity: 0; }\n                100%{ left: %; opacity: 1; }\n            }\n            @-moz-keyframes fromRightAnim216217{\n                0%{ left: 110%; opacity: 0; }\n                100%{ left: %; opacity: 1; }\n            }\n            @-o-keyframes fromRightAnim216217{\n                0%{ left: 110%; opacity: 0; }\n                100%{ left: %; opacity: 1; }\n            }\n            @-ms-keyframes fromRightAnim216217{\n                0%{ left: 110%; opacity: 0; }\n                100%{ left: %; opacity: 1; }\n            }\n            @keyframes fromRightAnim216217{\n                0%{ left: 110%; opacity: 0; }\n                100%{ left: %; opacity: 1; }\n            }\n            @-webkit-keyframes fromLeftAnim216217{\n                0%{ left: -110%; opacity: 0; }\n                100%{ left: %; opacity: 1; }\n            }\n            @-moz-keyframes fromLeftAnim216217{\n                0%{ left: -110%; opacity: 0; }\n                100%{ left: %; opacity: 1; }\n            }\n            @-o-keyframes fromLeftAnim216217{\n                0%{ left: -110%; opacity: 0; }\n                100%{ left: %; opacity: 1; }\n            }\n            @-ms-keyframes fromLeftAnim216217{\n                0%{ left: -110%; opacity: 0; }\n                100%{ left: %; opacity: 1; }\n            }\n            @keyframes fromLeftAnim216217{\n                0%{ left: -110%; opacity: 0; }\n                100%{ left: %; opacity: 1; }\n            }\n                @-webkit-keyframes toRightAnim216217{\n\t\t\t\t\t0%{ left: %;  opacity: 1; }\n\t\t\t\t\t30%{ left: -5%;  opacity: 1; }\n\t\t\t\t\t100%{ left: 100%; opacity: 0; }\n\t\t\t\t}\n\t\t\t\t@-moz-keyframes toRightAnim216217{\n\t\t\t\t\t0%{ left: %;  opacity: 1; }\n\t\t\t\t\t30%{ left: -5%;  opacity: 1; }\n\t\t\t\t\t100%{ left: 100%; opacity: 0; }\n\t\t\t\t}\n\t\t\t\t@-o-keyframes toRightAnim216217{\n\t\t\t\t\t0%{ left: %;  opacity: 1; }\n\t\t\t\t\t30%{ left: -5%;  opacity: 1; }\n\t\t\t\t\t100%{ left: 100%; opacity: 0; }\n\t\t\t\t}\n\t\t\t\t@-ms-keyframes toRightAnim216217{\n\t\t\t\t\t0%{ left: %;  opacity: 1; }\n\t\t\t\t\t30%{ left: -5%;  opacity: 1; }\n\t\t\t\t\t100%{ left: 100%; opacity: 0; }\n\t\t\t\t}\n\t\t\t\t@keyframes toRightAnim216217{\n\t\t\t\t\t0%{ left: %;  opacity: 1; }\n\t\t\t\t\t30%{ left: -5%;  opacity: 1; }\n\t\t\t\t\t100%{ left: 100%; opacity: 0; }\n\t\t\t\t}\n\t\t\t\t@-webkit-keyframes toLeftAnim216217{\n\t\t\t\t\t0%{ left: %;  opacity: 1; }\n\t\t\t\t\t40%{ left: 10%;  opacity: 1; }\n\t\t\t\t\t90%{ left: 0%;  opacity: 0; }\n\t\t\t\t\t100%{ left: -50%; opacity: 0; }\n\t\t\t\t}\n\t\t\t\t@-moz-keyframes toLeftAnim216217{\n\t\t\t\t\t0%{ left: %;  opacity: 1; }\n\t\t\t\t\t40%{ left: 10%;  opacity: 1; }\n\t\t\t\t\t90%{ left: 0%;  opacity: 0; }\n\t\t\t\t\t100%{ left: -50%; opacity: 0; }\n\t\t\t\t}\n\t\t\t\t@-o-keyframes toLeftAnim216217{\n\t\t\t\t\t0%{ left: %;  opacity: 1; }\n\t\t\t\t\t40%{ left: 10%;  opacity: 1; }\n\t\t\t\t\t90%{ left: 0%;  opacity: 0; }\n\t\t\t\t\t100%{ left: -50%; opacity: 0; }\n\t\t\t\t}\n\t\t\t\t@-ms-keyframes toLeftAnim216217{\n\t\t\t\t\t0%{ left: %;  opacity: 1; }\n\t\t\t\t\t40%{ left: 10%;  opacity: 1; }\n\t\t\t\t\t90%{ left: 0%;  opacity: 0; }\n\t\t\t\t\t100%{ left: -50%; opacity: 0; }\n\t\t\t\t}\n\t\t\t\t@keyframes toLeftAnim216217{\n\t\t\t\t\t0%{ left: %;  opacity: 1; }\n\t\t\t\t\t40%{ left: 10%;  opacity: 1; }\n\t\t\t\t\t90%{ left: 0%;  opacity: 0; }\n\t\t\t\t\t100%{ left: -50%; opacity: 0; }\n\t\t\t\t}\t\t\t\t#da-slider-eps_216 .da-dots span {\n\t\t\t\t    background: none repeat scroll 0 0 false;\n\t\t\t\t}\n\n\t\t\t\t#da-slider-eps_216 .da-arrows span {\n\t\t\t\t    background: none repeat scroll 0 0 false;\n\t\t\t\t}\n\n    <\/style>\n\n  <\/div>\n    <script type='text\/javascript'>\n        var da_slider_eps_216 = function($) {\n            jQuery('#da-slider-eps_216').cslider({ autoplay:true,interval:5000\n            });\n        };\n        var timer_eps_216 = function() {\n            var slider = !window.jQuery ? window.setTimeout(timer_eps_216, 100) : !jQuery.isReady ? window.setTimeout(timer_eps_216, 100) : da_slider_eps_216(window.jQuery);\n        };\n        timer_eps_216();\n    <\/script>\n<\/div>\n<!--\/\/easy slider--><\/td>\n<td>\n<ul>\n<li>Les activit\u00e9s peuvent \u00eatre ajout\u00e9es au journal.<\/li>\n<li>Les nouvelles activit\u00e9s sont automatiquement ajout\u00e9es \u00e0 la liste.<\/li>\n<li>Une activit\u00e9 ne doit \u00eatre entr\u00e9e qu&#8217;une fois si elle n&#8217;est pas d\u00e9j\u00e0 pr\u00e9sente.<\/li>\n<li>Le bouton Modifier fournit des fonctions pour modifier et supprimer des activit\u00e9s.<\/li>\n<\/ul>\n<\/td>\n<\/tr>\n<\/tbody>\n<\/table>\n","protected":false,"raw":"<table>\r\n<tbody>\r\n<tr>\r\n<td width=\"280\">[epsshortcode id=216]<\/td>\r\n<td>\r\n<ul>\r\n \t<li>Les activit\u00e9s peuvent \u00eatre ajout\u00e9es au journal.<\/li>\r\n \t<li>Les nouvelles activit\u00e9s sont automatiquement ajout\u00e9es \u00e0 la liste.<\/li>\r\n \t<li>Une activit\u00e9 ne doit \u00eatre entr\u00e9e qu'une fois si elle n'est pas d\u00e9j\u00e0 pr\u00e9sente.<\/li>\r\n \t<li>Le bouton Modifier fournit des fonctions pour modifier et supprimer des activit\u00e9s.<\/li>\r\n<\/ul>\r\n<\/td>\r\n<\/tr>\r\n<\/tbody>\r\n<\/table>"},"excerpt":{"rendered":"","protected":false,"raw":""},"author":1,"featured_media":0,"parent":0,"menu_order":0,"comment_status":"closed","ping_status":"closed","template":"","meta":{"_de_post_content":"<table>\r\n<tbody>\r\n<tr>\r\n<td width=\"280\">[epsshortcode id=149]<\/td>\r\n<td>\r\n<ul>\r\n \t<li>Aktivit\u00e4ten k\u00f6nnen dem Tagebuch hinzugef\u00fcgt werden.<\/li>\r\n \t<li>Neue Aktivit\u00e4ten werden automatisch der Liste hinzugef\u00fcgt.<\/li>\r\n \t<li>Eine Aktivit\u00e4t muss nur einmal neu eingegeben werden wenn sie noch nicht vorhanden ist.<\/li>\r\n \t<li>\u00dcber den Bearbeiten Button stehen Funktionen zum \u00c4ndern und L\u00f6schen von Aktivit\u00e4ten zur Verf\u00fcgung.<\/li>\r\n<\/ul>\r\n<\/td>\r\n<\/tr>\r\n<\/tbody>\r\n<\/table>","_de_post_name":"aktivitaeten","_de_post_excerpt":"","_de_post_title":"Aktivit\u00e4ten","_en_post_content":"<table>\r\n<tbody>\r\n<tr>\r\n<td width=\"280\">[epsshortcode id=199]<\/td>\r\n<td>\r\n<ul>\r\n \t<li>Activities can be added to the diary.<\/li>\r\n \t<li>New activities are automatically added to the list.<\/li>\r\n \t<li>An activity must be entered only once if it is not already present.<\/li>\r\n \t<li>The Edit button provides functions for changing and deleting activities.<\/li>\r\n<\/ul>\r\n<\/td>\r\n<\/tr>\r\n<\/tbody>\r\n<\/table>","_en_post_name":"activities","_en_post_excerpt":"","_en_post_title":"Activities","_fr_post_content":"<table>\r\n<tbody>\r\n<tr>\r\n<td width=\"280\">[epsshortcode id=216]<\/td>\r\n<td>\r\n<ul>\r\n \t<li>Les activit\u00e9s peuvent \u00eatre ajout\u00e9es au journal.<\/li>\r\n \t<li>Les nouvelles activit\u00e9s sont automatiquement ajout\u00e9es \u00e0 la liste.<\/li>\r\n \t<li>Une activit\u00e9 ne doit \u00eatre entr\u00e9e qu'une fois si elle n'est pas d\u00e9j\u00e0 pr\u00e9sente.<\/li>\r\n \t<li>Le bouton Modifier fournit des fonctions pour modifier et supprimer des activit\u00e9s.<\/li>\r\n<\/ul>\r\n<\/td>\r\n<\/tr>\r\n<\/tbody>\r\n<\/table>","_fr_post_name":"aktivitaeten","_fr_post_excerpt":"","_fr_post_title":"activit\u00e9s","edit_language":"fr"},"_links":{"self":[{"href":"http:\/\/qqasolut.com\/swt\/fr\/wp-json\/wp\/v2\/pages\/154"}],"collection":[{"href":"http:\/\/qqasolut.com\/swt\/fr\/wp-json\/wp\/v2\/pages"}],"about":[{"href":"http:\/\/qqasolut.com\/swt\/fr\/wp-json\/wp\/v2\/types\/page"}],"author":[{"embeddable":true,"href":"http:\/\/qqasolut.com\/swt\/fr\/wp-json\/wp\/v2\/users\/1"}],"replies":[{"embeddable":true,"href":"http:\/\/qqasolut.com\/swt\/fr\/wp-json\/wp\/v2\/comments?post=154"}],"version-history":[{"count":5,"href":"http:\/\/qqasolut.com\/swt\/fr\/wp-json\/wp\/v2\/pages\/154\/revisions"}],"predecessor-version":[{"id":183,"href":"http:\/\/qqasolut.com\/swt\/fr\/wp-json\/wp\/v2\/pages\/154\/revisions\/183"}],"wp:attachment":[{"href":"http:\/\/qqasolut.com\/swt\/fr\/wp-json\/wp\/v2\/media?parent=154"}],"curies":[{"name":"wp","href":"https:\/\/api.w.org\/{rel}","templated":true}]}}